{"id":519,"date":"2025-02-17T12:55:58","date_gmt":"2025-02-17T12:55:58","guid":{"rendered":"https:\/\/arionis.es\/en\/?page_id=519"},"modified":"2025-02-17T12:55:59","modified_gmt":"2025-02-17T12:55:59","slug":"politica-de-privacidad-del-formulario-de-contacto-presupuesto-on-line","status":"publish","type":"page","link":"https:\/\/arionis.es\/en\/politica-de-privacidad-del-formulario-de-contacto-presupuesto-on-line\/","title":{"rendered":"POL\u00cdTICA DE PRIVACIDAD DEL FORMULARIO DE CONTACTO\/PRESUPUESTO ON-LINE"},"content":{"rendered":"\n<p>El titular de este sitio web, Cristian Tepato Romero, no es responsable de la recogida de datos personales en el apartado del formulario de contacto o presupuesto on-line, ni ser\u00e1 el encargado directo del tratamiento de los mismos. De acuerdo con el Reglamento General de Protecci\u00f3n de Datos (RGPD) UE 2016\/679, se informa que los datos personales proporcionados por los usuarios a trav\u00e9s de dichos formularios ser\u00e1n recogidos y tratados por el profesional de la climatizaci\u00f3n que explota publicitariamente la web y que contactar\u00e1 con usted. La finalidad del tratamiento de los datos ser\u00e1 la gesti\u00f3n de su solicitud de contacto o presupuesto, la comunicaci\u00f3n con usted para ofrecerle los servicios solicitados y, en su caso, el env\u00edo de comunicaciones comerciales relacionadas con servicios de climatizaci\u00f3n, siempre que haya dado su consentimiento para ello.<\/p>\n","protected":false},"excerpt":{"rendered":"<p>El titular de este sitio web, Cristian Tepato Romero, no es responsable de la recogida de datos personales en el apartado del formulario de contacto o presupuesto on-line, ni ser\u00e1 el encargado directo del tratamiento de los mismos. De acuerdo con el Reglamento General de Protecci\u00f3n de Datos (RGPD) UE 2016\/679, se informa que los [&hellip;]<\/p>\n","protected":false},"author":1,"featured_media":0,"parent":0,"menu_order":0,"comment_status":"closed","ping_status":"closed","template":"","meta":{"footnotes":""},"class_list":["post-519","page","type-page","status-publish","hentry"],"_links":{"self":[{"href":"https:\/\/arionis.es\/en\/wp-json\/wp\/v2\/pages\/519","targetHints":{"allow":["GET"]}}],"collection":[{"href":"https:\/\/arionis.es\/en\/wp-json\/wp\/v2\/pages"}],"about":[{"href":"https:\/\/arionis.es\/en\/wp-json\/wp\/v2\/types\/page"}],"author":[{"embeddable":true,"href":"https:\/\/arionis.es\/en\/wp-json\/wp\/v2\/users\/1"}],"replies":[{"embeddable":true,"href":"https:\/\/arionis.es\/en\/wp-json\/wp\/v2\/comments?post=519"}],"version-history":[{"count":0,"href":"https:\/\/arionis.es\/en\/wp-json\/wp\/v2\/pages\/519\/revisions"}],"wp:attachment":[{"href":"https:\/\/arionis.es\/en\/wp-json\/wp\/v2\/media?parent=519"}],"curies":[{"name":"wp","href":"https:\/\/api.w.org\/{rel}","templated":true}]}}