{"id":509,"date":"2025-02-17T12:31:18","date_gmt":"2025-02-17T12:31:18","guid":{"rendered":"https:\/\/arionis.es\/en\/?page_id=509"},"modified":"2025-02-17T12:43:03","modified_gmt":"2025-02-17T12:43:03","slug":"politica-de-privacidad","status":"publish","type":"page","link":"https:\/\/arionis.es\/en\/politica-de-privacidad\/","title":{"rendered":"Pol\u00edtica de privacidad"},"content":{"rendered":"\n<p><strong>1. \u00bfQui\u00e9n es el responsable del tratamiento de sus datos?<\/strong><\/p>\n\n\n\n<p>El titular de este sitio web, <a href=\"https:\/\/arionis.es\/en\" target=\"_blank\" rel=\"noreferrer noopener\">https:\/\/arionis.es\/en<\/a>, es Cristian Tepato Romero, con N.I.F. 12481781A y domicilio en Calle San Andr\u00e9s, 6 \u2013 Denia, Alicante (en adelante, \u00abarionis.es\/en\u00bb o \u00abnosotros\u00bb). Sin embargo, es importante que sepa que <strong>arionis.es\/en act\u00faa como una plataforma de captaci\u00f3n de contactos (leads)<\/strong> y <strong>NO es el responsable del tratamiento de los datos personales<\/strong> que usted proporcione a trav\u00e9s de los formularios de contacto o presupuesto de este sitio web.<\/p>\n\n\n\n<p><strong>Los profesionales del sector de la climatizaci\u00f3n a los que cedemos sus datos (en adelante, \u00ablos profesionales\u00bb) ser\u00e1n los responsables del tratamiento de sus datos personales<\/strong> una vez que les sean comunicados para gestionar su solicitud y prestarle los servicios de instalaci\u00f3n, reparaci\u00f3n o mantenimiento de aire acondicionado. Cada profesional actuar\u00e1 como responsable independiente del tratamiento de sus datos, y le proporcionar\u00e1 su propia informaci\u00f3n sobre privacidad al contactarle.<\/p>\n\n\n\n<p><strong>2. \u00bfQu\u00e9 datos personales recogemos?<\/strong><\/p>\n\n\n\n<p>A trav\u00e9s de los formularios de contacto o presupuesto presentes en este sitio web, podemos recoger las siguientes categor\u00edas de datos personales:<\/p>\n\n\n\n<ul class=\"wp-block-list\">\n<li><strong>Datos de identificaci\u00f3n:<\/strong> nombre, apellidos, tel\u00e9fono, correo electr\u00f3nico.<\/li>\n\n\n\n<li><strong>Datos de contacto:<\/strong> direcci\u00f3n postal, ciudad, c\u00f3digo postal.<\/li>\n\n\n\n<li><strong>Datos sobre su solicitud:<\/strong> descripci\u00f3n de la necesidad de servicio de aire acondicionado, tipo de propiedad, y cualquier otra informaci\u00f3n que usted decida proporcionarnos en el formulario.<\/li>\n<\/ul>\n\n\n\n<p>No recogemos datos especialmente protegidos o categor\u00edas especiales de datos personales.<\/p>\n\n\n\n<p><strong>3. \u00bfCon qu\u00e9 finalidad tratamos sus datos personales?<\/strong><\/p>\n\n\n\n<p>En arionis.es\/en tratamos sus datos personales con las siguientes finalidades:<\/p>\n\n\n\n<ul class=\"wp-block-list\">\n<li><strong>Gestionar su solicitud de contacto o presupuesto:<\/strong> Para poder tramitar su petici\u00f3n y ponerle en contacto con los profesionales de la climatizaci\u00f3n disponibles en su zona.<\/li>\n\n\n\n<li><strong>Ceder sus datos a los profesionales:<\/strong> Para que los profesionales puedan contactarle, ofrecerle un presupuesto y prestarle los servicios de instalaci\u00f3n, reparaci\u00f3n o mantenimiento de aire acondicionado que usted ha solicitado.<\/li>\n<\/ul>\n\n\n\n<p><strong>Los profesionales, una vez que reciban sus datos, tratar\u00e1n los mismos con las siguientes finalidades, de las cuales ellos son los responsables:<\/strong><\/p>\n\n\n\n<ul class=\"wp-block-list\">\n<li><strong>Contactarle:<\/strong> Para responder a su solicitud de presupuesto o informaci\u00f3n y ofrecerle sus servicios.<\/li>\n\n\n\n<li><strong>Elaborar y enviarle presupuestos:<\/strong> Para proporcionarle una oferta detallada de los servicios solicitados.<\/li>\n\n\n\n<li><strong>Prestarle los servicios contratados:<\/strong> En caso de que usted contrate sus servicios, para gestionar la prestaci\u00f3n del servicio de instalaci\u00f3n, reparaci\u00f3n o mantenimiento de aire acondicionado.<\/li>\n\n\n\n<li><strong>Comunicaciones comerciales (si usted da su consentimiento):<\/strong> Para enviarle informaci\u00f3n y ofertas sobre servicios de climatizaci\u00f3n, siempre y cuando usted haya consentido expresamente recibir dichas comunicaciones.<\/li>\n<\/ul>\n\n\n\n<p><strong>4. \u00bfCu\u00e1l es la legitimaci\u00f3n para el tratamiento de sus datos?<\/strong><\/p>\n\n\n\n<p>La base legal para el tratamiento de sus datos personales por parte de arionis.es\/en es <strong>el consentimiento<\/strong>, que usted nos otorga al completar y enviar el formulario de contacto o presupuesto.<\/p>\n\n\n\n<p>La base legal para el tratamiento de sus datos personales por parte de los profesionales ser\u00e1 la que ellos le indiquen en su propia pol\u00edtica de privacidad, pudiendo ser el <strong>consentimiento, la ejecuci\u00f3n de un contrato, el inter\u00e9s leg\u00edtimo o el cumplimiento de una obligaci\u00f3n legal<\/strong>, dependiendo de cada profesional y de la finalidad del tratamiento.<\/p>\n\n\n\n<p><strong>5. \u00bfA qui\u00e9nes comunicamos sus datos?<\/strong><\/p>\n\n\n\n<p>Sus datos personales ser\u00e1n comunicados a <strong>profesionales del sector de la climatizaci\u00f3n<\/strong> colaboradores de arionis.es\/en, con el fin de que puedan contactarle y ofrecerle sus servicios.<\/p>\n\n\n\n<p><strong>arionis.es\/en no ceder\u00e1 sus datos personales a terceros ajenos a los profesionales de la climatizaci\u00f3n<\/strong>, salvo obligaci\u00f3n legal.<\/p>\n\n\n\n<ol start=\"6\" class=\"wp-block-list\">\n<li><strong>\u00bfCu\u00e1nto tiempo conservamos sus datos?<\/strong><\/li>\n<\/ol>\n\n\n\n<p>En arionis.es\/en, conservaremos sus datos personales:<\/p>\n\n\n\n<ul class=\"wp-block-list\">\n<li><strong>Para la gesti\u00f3n de su solicitud y cesi\u00f3n a profesionales<\/strong>: Durante el tiempo estrictamente necesario para gestionar su solicitud y ceder sus datos a los profesionales. Una vez realizada la cesi\u00f3n, eliminaremos sus datos de nuestros sistemas, salvo que usted haya consentido recibir comunicaciones comerciales de arionis.es\/en.<\/li>\n\n\n\n<li>Para el env\u00edo de comunicaciones comerciales de arionis.es\/en (si usted ha dado su consentimiento): Conservaremos sus datos mientras usted no retire su consentimiento para recibir dichas comunicaciones. En cada comunicaci\u00f3n comercial que le enviemos, le informaremos de c\u00f3mo puede retirar su consentimiento de forma sencilla y gratuita. En un plazo m\u00e1ximo de [2 a\u00f1os ] desde la \u00faltima interacci\u00f3n por su parte, revisaremos y, en su caso, eliminaremos sus datos de nuestra base de datos de marketing, salvo obligaci\u00f3n legal de conservarlos.<\/li>\n<\/ul>\n\n\n\n<p>Los profesionales conservar\u00e1n sus datos personales durante los plazos necesarios para cumplir con sus propias obligaciones legales y contractuales, seg\u00fan lo establecido en sus respectivas pol\u00edticas de privacidad. Le recomendamos consultar las pol\u00edticas de privacidad de los profesionales con los que contacte para conocer sus plazos de conservaci\u00f3n de datos.<\/p>\n\n\n\n<p><strong>7. \u00bfCu\u00e1les son sus derechos?<\/strong><\/p>\n\n\n\n<p>Como usuario, usted tiene los siguientes derechos en materia de protecci\u00f3n de datos:<\/p>\n\n\n\n<ul class=\"wp-block-list\">\n<li><strong>Derecho de acceso:<\/strong> Tiene derecho a obtener confirmaci\u00f3n sobre si estamos tratando datos personales que le conciernen, a acceder a ellos y a obtener informaci\u00f3n sobre el tratamiento.<\/li>\n\n\n\n<li><strong>Derecho de rectificaci\u00f3n:<\/strong> Tiene derecho a solicitar la rectificaci\u00f3n de los datos inexactos o incompletos.<\/li>\n\n\n\n<li><strong>Derecho de supresi\u00f3n (derecho al olvido):<\/strong> Tiene derecho a solicitar la supresi\u00f3n de sus datos en determinados supuestos.<\/li>\n\n\n\n<li><strong>Derecho a la limitaci\u00f3n del tratamiento:<\/strong> Tiene derecho a solicitar la limitaci\u00f3n del tratamiento de sus datos en determinados supuestos, en cuyo caso solo los conservaremos para el ejercicio o la defensa de reclamaciones.<\/li>\n\n\n\n<li><strong>Derecho de oposici\u00f3n:<\/strong> Tiene derecho a oponerse al tratamiento de sus datos en determinados supuestos, incluida la elaboraci\u00f3n de perfiles.<\/li>\n\n\n\n<li><strong>Derecho a la portabilidad de los datos:<\/strong> Tiene derecho a recibir los datos personales que le incumben, que nos haya facilitado, en un formato estructurado, de uso com\u00fan y lectura mec\u00e1nica, y a transmitirlos a otro responsable del tratamiento.<\/li>\n<\/ul>\n\n\n\n<p><strong>Para ejercer sus derechos ante arionis.es\/en<\/strong>, puede enviar una solicitud por escrito a la direcci\u00f3n de correo electr\u00f3nico info@arionis.es\/en. Le facilitaremos la informaci\u00f3n de contacto del profesional al que hemos cedido sus datos para que pueda ejercer sus derechos directamente ante \u00e9l, ya que <strong>arionis.es\/en no tiene control ni responsabilidad sobre el tratamiento de datos que realicen los profesionales.<\/strong> &nbsp;<\/p>\n\n\n\n<p>Tambi\u00e9n tiene derecho a <strong>retirar su consentimiento<\/strong> en cualquier momento, sin que ello afecte a la licitud del tratamiento basado en el consentimiento previo a su retirada.<\/p>\n\n\n\n<p><strong>8. Derecho a presentar una reclamaci\u00f3n ante la Autoridad de Control<\/strong><\/p>\n\n\n\n<p>Si considera que el tratamiento de sus datos personales infringe la normativa de protecci\u00f3n de datos o no est\u00e1 satisfecho con el ejercicio de sus derechos, tiene derecho a presentar una reclamaci\u00f3n ante la Agencia Espa\u00f1ola de Protecci\u00f3n de Datos (AEPD), a trav\u00e9s de su p\u00e1gina web <a href=\"https:\/\/www.google.com\/url?sa=E&amp;source=gmail&amp;q=https:\/\/www.aepd.es\" target=\"_blank\" rel=\"noreferrer noopener\">www.aepd.es<\/a>.<\/p>\n\n\n\n<p><strong>9. Seguridad de sus datos personales<\/strong><\/p>\n\n\n\n<p>arionis.es\/en implementa medidas de seguridad t\u00e9cnicas y organizativas adecuadas para proteger sus datos personales contra la p\u00e9rdida, el acceso no autorizado, la alteraci\u00f3n o la divulgaci\u00f3n. Sin embargo, debe ser consciente de que las medidas de seguridad en Internet no son inexpugnables.<\/p>\n\n\n\n<p><strong>10. Cookies<\/strong><\/p>\n\n\n\n<p>Nuestro sitio web utiliza cookies propias y de terceros. Puede obtener m\u00e1s informaci\u00f3n sobre el uso de cookies en nuestra [<strong>Pol\u00edtica de Cookies<\/strong>].<\/p>\n\n\n\n<p><strong>11. Modificaciones de la Pol\u00edtica de Privacidad<\/strong><\/p>\n\n\n\n<p>arionis.es\/en se reserva el derecho a modificar la presente Pol\u00edtica de Privacidad para adaptarla a novedades legislativas o jurisprudenciales, as\u00ed como a las pr\u00e1cticas del sector. En dichos supuestos, anunciaremos en este sitio web los cambios introducidos con razonable antelaci\u00f3n a su puesta en pr\u00e1ctica. Le recomendamos revisar peri\u00f3dicamente esta Pol\u00edtica de Privacidad.<\/p>\n\n\n\n<p><strong>12. Contacto<\/strong><\/p>\n\n\n\n<p>Si tiene cualquier duda o consulta sobre esta Pol\u00edtica de Privacidad o sobre el tratamiento de sus datos personales, puede contactarnos a trav\u00e9s de la siguiente direcci\u00f3n de correo electr\u00f3nico:<\/p>\n\n\n\n<p>info@arionis.es\/en<\/p>\n\n\n\n<p>Fecha de la \u00faltima actualizaci\u00f3n: 17 de febrero de 2025.<\/p>\n\n\n\n<p><\/p>\n","protected":false},"excerpt":{"rendered":"<p>1. \u00bfQui\u00e9n es el responsable del tratamiento de sus datos? El titular de este sitio web, https:\/\/arionis.es\/en, es Cristian Tepato Romero, con N.I.F. 12481781A y domicilio en Calle San Andr\u00e9s, 6 \u2013 Denia, Alicante (en adelante, \u00abarionis.es\/en\u00bb o \u00abnosotros\u00bb). Sin embargo, es importante que sepa que arionis.es\/en act\u00faa como una plataforma de captaci\u00f3n de contactos [&hellip;]<\/p>\n","protected":false},"author":1,"featured_media":0,"parent":0,"menu_order":0,"comment_status":"closed","ping_status":"closed","template":"","meta":{"footnotes":""},"class_list":["post-509","page","type-page","status-publish","hentry"],"_links":{"self":[{"href":"https:\/\/arionis.es\/en\/wp-json\/wp\/v2\/pages\/509","targetHints":{"allow":["GET"]}}],"collection":[{"href":"https:\/\/arionis.es\/en\/wp-json\/wp\/v2\/pages"}],"about":[{"href":"https:\/\/arionis.es\/en\/wp-json\/wp\/v2\/types\/page"}],"author":[{"embeddable":true,"href":"https:\/\/arionis.es\/en\/wp-json\/wp\/v2\/users\/1"}],"replies":[{"embeddable":true,"href":"https:\/\/arionis.es\/en\/wp-json\/wp\/v2\/comments?post=509"}],"version-history":[{"count":0,"href":"https:\/\/arionis.es\/en\/wp-json\/wp\/v2\/pages\/509\/revisions"}],"wp:attachment":[{"href":"https:\/\/arionis.es\/en\/wp-json\/wp\/v2\/media?parent=509"}],"curies":[{"name":"wp","href":"https:\/\/api.w.org\/{rel}","templated":true}]}}