{"id":507,"date":"2025-02-17T12:30:24","date_gmt":"2025-02-17T12:30:24","guid":{"rendered":"https:\/\/arionis.es\/en\/?page_id=507"},"modified":"2025-02-17T12:30:25","modified_gmt":"2025-02-17T12:30:25","slug":"aviso-legal","status":"publish","type":"page","link":"https:\/\/arionis.es\/en\/aviso-legal\/","title":{"rendered":"Aviso legal"},"content":{"rendered":"\n<p>El presente aviso legal regula el uso del sitio web <a href=\"https:\/\/arionis.es\/en\" target=\"_blank\" rel=\"noreferrer noopener\">https:\/\/arionis.es\/en<\/a> (en adelante, \u00abel sitio web\u00bb), cuyo titular es Cristian Tepato Romero, con N.I.F. 12481781A con domicilio en Calle San Andr\u00e9s, 6 \u2013 Denia, Alicante (en adelante, \u00abel titular\u00bb).<\/p>\n\n\n\n<ol start=\"1\" class=\"wp-block-list\">\n<li>Informaci\u00f3n General<\/li>\n<\/ol>\n\n\n\n<p>El titular del sitio web opera como una plataforma de captaci\u00f3n de contactos (leads) y no es responsable de la prestaci\u00f3n de los servicios de instalaci\u00f3n, reparaci\u00f3n o mantenimiento de aire acondicionado que realicen los profesionales a los que se redirigen los usuarios. El sitio web <a href=\"https:\/\/arionis.es\/en\" target=\"_blank\" rel=\"noreferrer noopener\">https:\/\/arionis.es\/en<\/a> es explotado con el objetivo de captar solicitudes de informaci\u00f3n y presupuestos (leads) para su posterior cesi\u00f3n a terceros (profesionales del sector de la climatizaci\u00f3n con las mejores referencias de su zona). El tel\u00e9fono y otros datos de contacto que aparecen en el sitio web son desviados hacia profesionales del sector, quienes son los \u00fanicos responsables de la prestaci\u00f3n final del servicio al usuario.<\/p>\n\n\n\n<ol start=\"2\" class=\"wp-block-list\">\n<li>Exenci\u00f3n de Responsabilidad<\/li>\n<\/ol>\n\n\n\n<p>El titular del sitio web no presta directamente servicios de instalaci\u00f3n, reparaci\u00f3n o mantenimiento de aire acondicionado. arionis.es\/en act\u00faa como un intermediario para conectar usuarios con profesionales del sector. Los usuarios que soliciten un presupuesto o servicio a trav\u00e9s de este sitio web deben contactar directamente con el profesional responsable, cuyos datos de contacto podr\u00e1n ser facilitados tras la solicitud. El titular no se responsabiliza en ning\u00fan caso de la calidad, seguridad, cumplimiento normativo o resultado de los trabajos realizados por dichos profesionales, ni de las condiciones contractuales o econ\u00f3micas que acuerden con los usuarios. La relaci\u00f3n contractual se establece exclusivamente entre el usuario y el profesional.<\/p>\n\n\n\n<ol start=\"3\" class=\"wp-block-list\">\n<li>Protecci\u00f3n de Datos (RGPD)<\/li>\n<\/ol>\n\n\n\n<p>De conformidad con lo dispuesto en el Reglamento General de Protecci\u00f3n de Datos (RGPD) UE 2016\/679, le informamos que los datos personales proporcionados a trav\u00e9s del sitio web o mediante el contacto telef\u00f3nico ser\u00e1n tratados de forma confidencial por el profesional encargado de la prestaci\u00f3n del servicio. La finalidad del tratamiento de sus datos es gestionar las solicitudes de presupuesto o de informaci\u00f3n enviadas a trav\u00e9s del sitio web y contactarle para ofrecerle los servicios solicitados.<\/p>\n\n\n\n<p>El usuario tiene derecho a acceder, rectificar, suprimir sus datos, limitar su tratamiento, oponerse al tratamiento y a la portabilidad de sus datos en cualquier momento, dirigi\u00e9ndose directamente al profesional que le contacte. Si tiene alguna consulta sobre el tratamiento de sus datos o no est\u00e1 satisfecho con el mismo, puede enviar un escrito a info@arionis.es\/en y le facilitaremos la informaci\u00f3n de contacto del profesional responsable para que pueda ejercer sus derechos directamente ante \u00e9l. En caso de conflicto, tambi\u00e9n puede presentar una reclamaci\u00f3n ante la Agencia Espa\u00f1ola de Protecci\u00f3n de Datos (AEPD).<\/p>\n\n\n\n<ol start=\"4\" class=\"wp-block-list\">\n<li>Condiciones de Uso<\/li>\n<\/ol>\n\n\n\n<p>El usuario que accede a este sitio web se compromete a utilizar los contenidos y servicios de forma adecuada y l\u00edcita, respetando la legislaci\u00f3n vigente y los derechos de terceros. Queda expresamente prohibida la reproducci\u00f3n total o parcial de los contenidos de este sitio web, incluyendo textos, im\u00e1genes, dise\u00f1o y c\u00f3digo fuente, sin la autorizaci\u00f3n expresa y por escrito del titular.<\/p>\n\n\n\n<ol start=\"5\" class=\"wp-block-list\">\n<li>Propiedad Intelectual<\/li>\n<\/ol>\n\n\n\n<p>Todos los contenidos del sitio web (textos, im\u00e1genes, gr\u00e1ficos, dise\u00f1o, c\u00f3digo fuente, logotipos, marcas, etc.) son propiedad del titular o de terceros que han autorizado su uso. Quedan reservados todos los derechos. El usuario no podr\u00e1 reproducir, distribuir, comunicar p\u00fablicamente, transformar o modificar estos contenidos sin la autorizaci\u00f3n expresa y por escrito del titular o de los titulares de los derechos correspondientes.<\/p>\n\n\n\n<ol start=\"6\" class=\"wp-block-list\">\n<li>Pol\u00edtica de Cookies<\/li>\n<\/ol>\n\n\n\n<p>Este sitio web utiliza cookies propias y de terceros para mejorar la experiencia del usuario, analizar la navegaci\u00f3n y para fines publicitarios. Al continuar navegando por el sitio web, se considera que acepta el uso de cookies de acuerdo con nuestra pol\u00edtica de cookies. Puede obtener m\u00e1s informaci\u00f3n sobre nuestra pol\u00edtica de cookies aqu\u00ed.<\/p>\n\n\n\n<ol start=\"7\" class=\"wp-block-list\">\n<li>Modificaciones del Aviso Legal<\/li>\n<\/ol>\n\n\n\n<p>El titular del sitio web se reserva el derecho a modificar el presente aviso legal en cualquier momento, debido a cambios legislativos, jurisprudenciales o en la pr\u00e1ctica del sector. Las modificaciones ser\u00e1n debidamente publicadas en el sitio web. Se recomienda a los usuarios revisar peri\u00f3dicamente este aviso legal para estar al tanto de las posibles actualizaciones.<\/p>\n\n\n\n<p>Informaci\u00f3n Adicional:<\/p>\n\n\n\n<p>El dise\u00f1o de la web y programaci\u00f3n inform\u00e1tica del dominio <a href=\"https:\/\/arionis.es\/en\" target=\"_blank\" rel=\"noreferrer noopener\">https:\/\/arionis.es\/en<\/a> pertenece a: CRISTIAN TEPATO ROMERO, N.I.F.: 12481781A, C\/ San Andr\u00e9s, n\u00ba 6 Denia (Alicante) CP: 03700. Se reitera que NO existe ninguna responsabilidad por parte del titular del sitio web con respecto a los trabajos realizados por el profesional que contacte finalmente con el usuario a trav\u00e9s de esta plataforma.<\/p>\n","protected":false},"excerpt":{"rendered":"<p>El presente aviso legal regula el uso del sitio web https:\/\/arionis.es\/en (en adelante, \u00abel sitio web\u00bb), cuyo titular es Cristian Tepato Romero, con N.I.F. 12481781A con domicilio en Calle San Andr\u00e9s, 6 \u2013 Denia, Alicante (en adelante, \u00abel titular\u00bb). El titular del sitio web opera como una plataforma de captaci\u00f3n de contactos (leads) y no [&hellip;]<\/p>\n","protected":false},"author":1,"featured_media":0,"parent":0,"menu_order":0,"comment_status":"closed","ping_status":"closed","template":"","meta":{"footnotes":""},"class_list":["post-507","page","type-page","status-publish","hentry"],"_links":{"self":[{"href":"https:\/\/arionis.es\/en\/wp-json\/wp\/v2\/pages\/507","targetHints":{"allow":["GET"]}}],"collection":[{"href":"https:\/\/arionis.es\/en\/wp-json\/wp\/v2\/pages"}],"about":[{"href":"https:\/\/arionis.es\/en\/wp-json\/wp\/v2\/types\/page"}],"author":[{"embeddable":true,"href":"https:\/\/arionis.es\/en\/wp-json\/wp\/v2\/users\/1"}],"replies":[{"embeddable":true,"href":"https:\/\/arionis.es\/en\/wp-json\/wp\/v2\/comments?post=507"}],"version-history":[{"count":0,"href":"https:\/\/arionis.es\/en\/wp-json\/wp\/v2\/pages\/507\/revisions"}],"wp:attachment":[{"href":"https:\/\/arionis.es\/en\/wp-json\/wp\/v2\/media?parent=507"}],"curies":[{"name":"wp","href":"https:\/\/api.w.org\/{rel}","templated":true}]}}